{"id":620,"date":"2024-03-25T13:09:23","date_gmt":"2024-03-25T13:09:23","guid":{"rendered":"https:\/\/lpspetrachetriscu.ro\/?page_id=620"},"modified":"2025-03-06T14:04:02","modified_gmt":"2025-03-06T12:04:02","slug":"oferta-scolii-2024-2025","status":"publish","type":"page","link":"https:\/\/lpspetrachetriscu.ro\/index.php\/oferta-scolii-2024-2025\/","title":{"rendered":"Oferta \u0219colii"},"content":{"rendered":"\n<figure class=\"wp-block-pullquote has-white-color has-secondary-background-color has-text-color has-background has-link-color wp-elements-beb9d9d6cb63d797f9ba3692621828f9\"><blockquote><p>Oferta \u0219colii 2025-2026<\/p><\/blockquote><\/figure>\n\n\n\n<h2 class=\"wp-block-heading\">Pentru anul \u0219colar 2025-2026 a fost propus\u0103 1 clas\u0103 preg\u0103titoare (\u00eenv\u0103\u021b\u0103m\u00e2nt tradi\u021bional) cu 22 de locuri.<\/h2>\n\n\n\n<p><strong>ASIGUR\u0102M:<\/strong><strong><\/strong><\/p>\n\n\n\n<ul class=\"wp-block-list\">\n<li><strong>Ore de curs atractive, \u00eentr-un spa\u021biu modern, dezvolt\u00e2nd starea de bine a copiilor<\/strong><\/li>\n\n\n\n<li><strong>Practicarea unui sport<\/strong>, gratuit, cu profesori de specialitate: <strong>ATLETISM \/ SCRIM\u0102 \/ KARATE \/ LUPTE \/ JUDO \/ BADMINTON \/ GIMNASTIC\u0102<\/strong><\/li>\n\n\n\n<li><strong>Program AFTER SCHOOL, la cerere, incluz\u00e2nd: <\/strong>\n<ul class=\"wp-block-list\">\n<li><strong style=\"font-size: 1.25rem; background-color: var(--wp--preset--color--white);\">Efectuarea temelor<\/strong><\/li>\n\n\n\n<li><strong style=\"font-size: 1.25rem; background-color: var(--wp--preset--color--white);\">Activit\u0103\u021bi educative \/ de dezvoltare personal\u0103<\/strong><\/li>\n\n\n\n<li><strong>Activit\u0103\u021bi sportive<\/strong><\/li>\n<\/ul>\n<\/li>\n\n\n\n<li><strong>Limba englez\u0103, \u00eencep\u00e2nd cu clasa preg\u0103titoare<\/strong><\/li>\n\n\n\n<li><strong>Organizarea de <\/strong>activit\u0103\u0163i extracurriculare \u015fi extra\u015fcolare <strong>(activit\u0103\u0163i ecologice, vizite, tabere, excursii, vizion\u0103ri de spectacole etc.)<\/strong><\/li>\n\n\n\n<li><strong>Consiliere psihopedagogic\u0103 cu consilierul \u0219colii<\/strong><\/li>\n<\/ul>\n\n\n\n<h2 class=\"wp-block-heading has-text-align-center\"><a href=\"https:\/\/lpspetrachetriscu.ro\/wp-content\/uploads\/2025\/03\/oferta-2025-2026.png\" data-type=\"link\" data-id=\"https:\/\/lpspetrachetriscu.ro\/wp-content\/uploads\/2025\/03\/oferta-2025-2026.png\" target=\"_blank\" rel=\"noreferrer noopener\">Flyer-Oferta \u0219colii 2025-2026<\/a><\/h2>\n\n\n\n<p><\/p>\n\n\n\n<figure class=\"wp-block-pullquote has-light-green-cyan-background-color has-background\"><blockquote><p>Oferta \u0219colii 2024-2025<\/p><\/blockquote><\/figure>\n\n\n\n<h2 class=\"wp-block-heading\">Clasa preg\u0103titoare: 1 clas\u0103 (22 locuri)<\/h2>\n\n\n\n<blockquote class=\"wp-block-quote is-layout-flow wp-block-quote-is-layout-flow\">\n<p><strong>ASIGUR\u0102M:<\/strong><strong><\/strong><\/p>\n\n\n\n<ul class=\"wp-block-list\">\n<li><strong>Ore de curs atractive, \u00eentr-un spa\u021biu modern, dezvolt\u00e2nd starea de bine a copiilor<\/strong><\/li>\n\n\n\n<li><strong>Practicarea unui sport<\/strong>, gratuit, cu profesori de specialitate: <strong>ATLETISM \/ SCRIM\u0102 \/ KARATE \/ LUPTE \/ JUDO \/ BADMINTON \/ GIMNASTIC\u0102<\/strong><\/li>\n\n\n\n<li><strong>Program AFTER SCHOOL, la cerere, incluz\u00e2nd: <\/strong>\n<ul class=\"wp-block-list\">\n<li><strong style=\"font-size: 1.25rem; background-color: var(--wp--preset--color--white);\">Efectuarea temelor<\/strong><\/li>\n\n\n\n<li><strong style=\"font-size: 1.25rem; background-color: var(--wp--preset--color--white);\">Activit\u0103\u021bi educative \/ de dezvoltare personal\u0103<\/strong><\/li>\n\n\n\n<li><strong>Activit\u0103\u021bi sportive<\/strong><\/li>\n<\/ul>\n<\/li>\n\n\n\n<li><strong>Limba englez\u0103, \u00eencep\u00e2nd cu clasa preg\u0103titoare<\/strong><\/li>\n\n\n\n<li><strong>Organizarea de <\/strong>activit\u0103\u0163i extracurriculare \u015fi extra\u015fcolare <strong>(activit\u0103\u0163i ecologice, vizite, tabere, excursii, vizion\u0103ri de spectacole etc.)<\/strong><\/li>\n\n\n\n<li><strong>Consiliere psihopedagogic\u0103 cu consilierul \u0219colii<\/strong><\/li>\n<\/ul>\n<\/blockquote>\n\n\n\n<h2 class=\"wp-block-heading has-text-align-center\"><a href=\"https:\/\/lpspetrachetriscu.ro\/wp-content\/uploads\/2024\/03\/oferta-2024-2025.png\" data-type=\"link\" data-id=\"https:\/\/lpspetrachetriscu.ro\/wp-content\/uploads\/2024\/03\/oferta-2024-2025.png\" target=\"_blank\" rel=\"noreferrer noopener\">Flyer-Oferta \u0219colii 2024-2025<\/a><\/h2>\n\n\n\n<blockquote class=\"wp-block-quote is-layout-flow wp-block-quote-is-layout-flow\">\n<p class=\"has-white-color has-secondary-background-color has-text-color has-background has-link-color wp-elements-0f99a8b3cb17f45abc9c5716ff5008f8\"><strong>Circumscrip\u021bia (str\u0103zi\/locuin\u021be arondate):<\/strong> ALE. SIMION BARNUTIU <em>***<\/em> STR. 24 IANUARIE <em>***<\/em> STR. ARIE\u0218, *** STR. SIMION BARNUTIU *** STR. BUJORULUI *** STR. EUGENIU CARADA (IALOMICIOARA) *** &#8216; STR. C. D. FORTUNESCU (Onesti) *** STR. FRATII BUZESTI (KARL MARX) *** STR. ALEXANDRU MACEDONSKI *** STR. MATEI MILLO *** STR. MITROPOLITUL FIRMILIAN (LOTRU) *** STR. MITROPOLIT NESTOR VORNICESCU (Neajlov) *** STR. ANUL 1848 DE LA NR. 29 &#8211; 91, 32 -106 <em>***<\/em> STR. ULMULUI <em>***<\/em> STR. NERVA*** STR. \u00ceNCLINAT\u0102, <em>***<\/em> STR. \u00ceMP\u0102RATUL TRAIAN (de la ARIE\u0218) BL. G, H *** STR. MIRON COSTIN (STR. DOBROGEANU GHEREA), *** STR. PETRE CARP ( ARMATA POPORULUI) nr. 1-17, nr.2-20, <em>***<\/em> STR. SFIN\u021aII APOSTOLI (LOMONOSOV M.) DE LA NR. 1\u00ad59, 2 &#8211; 58, <em>***<\/em> ALE. SFIN\u021aII APOSTOLI (M. LOMONOSOV), <em>***<\/em> STR. VICTORIEI STR. TUDOR VLADIMIRESCU DE LA nr.1-41, 2 -70, ***STR. CRI\u0218ULUI<\/p>\n<\/blockquote>\n\n\n\n<h2 class=\"wp-block-heading\">Clasa a V-a &#8211; 2 clase<\/h2>\n\n\n\n<blockquote class=\"wp-block-quote is-layout-flow wp-block-quote-is-layout-flow\">\n<p>1 clas\u0103 &#8211; atletism (24 locuri)<\/p>\n\n\n\n<p>1 clas\u0103 &#8211; scrim\u0103 (12 locuri) \u0219i judo (12 locuri)<\/p>\n<\/blockquote>\n\n\n\n<h2 class=\"wp-block-heading\">Clasa a IX-a &#8211; 2 clase<\/h2>\n\n\n\n<blockquote class=\"wp-block-quote is-layout-flow wp-block-quote-is-layout-flow\">\n<p>1 clas\u0103 &#8211; atletism (24 locuri)<\/p>\n\n\n\n<p>1 clas\u0103 &#8211; atletism (12 locuri) \u0219i scrim\u0103 (12 locuri)<\/p>\n<\/blockquote>\n","protected":false},"excerpt":{"rendered":"<p>Oferta \u0219colii 2025-2026 Pentru anul \u0219colar 2025-2026 a fost propus\u0103 1 clas\u0103 preg\u0103titoare (\u00eenv\u0103\u021b\u0103m\u00e2nt tradi\u021bional) cu 22 de locuri. ASIGUR\u0102M: Flyer-Oferta \u0219colii 2025-2026 [&hellip;]<\/p>\n","protected":false},"author":1,"featured_media":0,"parent":0,"menu_order":0,"comment_status":"closed","ping_status":"closed","template":"","meta":{"footnotes":""},"class_list":["post-620","page","type-page","status-publish","hentry"],"_links":{"self":[{"href":"https:\/\/lpspetrachetriscu.ro\/index.php\/wp-json\/wp\/v2\/pages\/620","targetHints":{"allow":["GET"]}}],"collection":[{"href":"https:\/\/lpspetrachetriscu.ro\/index.php\/wp-json\/wp\/v2\/pages"}],"about":[{"href":"https:\/\/lpspetrachetriscu.ro\/index.php\/wp-json\/wp\/v2\/types\/page"}],"author":[{"embeddable":true,"href":"https:\/\/lpspetrachetriscu.ro\/index.php\/wp-json\/wp\/v2\/users\/1"}],"replies":[{"embeddable":true,"href":"https:\/\/lpspetrachetriscu.ro\/index.php\/wp-json\/wp\/v2\/comments?post=620"}],"version-history":[{"count":11,"href":"https:\/\/lpspetrachetriscu.ro\/index.php\/wp-json\/wp\/v2\/pages\/620\/revisions"}],"predecessor-version":[{"id":883,"href":"https:\/\/lpspetrachetriscu.ro\/index.php\/wp-json\/wp\/v2\/pages\/620\/revisions\/883"}],"wp:attachment":[{"href":"https:\/\/lpspetrachetriscu.ro\/index.php\/wp-json\/wp\/v2\/media?parent=620"}],"curies":[{"name":"wp","href":"https:\/\/api.w.org\/{rel}","templated":true}]}}