{"id":222,"date":"2023-01-05T09:10:42","date_gmt":"2023-01-05T09:10:42","guid":{"rendered":"https:\/\/lpspetrachetriscu.ro\/WordPress\/?page_id=222"},"modified":"2023-01-05T09:10:42","modified_gmt":"2023-01-05T09:10:42","slug":"proiecte-nationale","status":"publish","type":"page","link":"https:\/\/lpspetrachetriscu.ro\/index.php\/proiecte-nationale\/","title":{"rendered":"Proiecte na\u021bionale"},"content":{"rendered":"\n<p>Proiectul privind \u00cenv\u0103\u021b\u0103m\u00e2ntul Secundar (ROSE)<\/p>\n\n\n\n<p>&#8211;&nbsp;Schema de Granturi pentru Licee&nbsp;&#8211;<\/p>\n\n\n\n<p><strong>Beneficiar:&nbsp;LICEUL CU PROGRAM SPORTIV \u201cPETRACHE TRI\u015eCU\u201d, CRAIOVA<br>Titlul subproiectului:&nbsp;,,NE PREG\u0102TIM PENTRU VIA\u0162\u0102\u201d<br>Acord de grant nr.&nbsp;378 \/SGL\/R II\/ 01.10.2018<br>Perioada derul\u0103rii: 01.10.2018-30.09.2022<\/strong><\/p>\n\n\n\n<p><strong>La LICEUL CU PROGRAM SPORTIV \u201cPETRACHE TRI\u015eCU\u201d, CRAIOVA se deruleaz\u0103 subproiectul<\/strong>&nbsp;<strong>,,NE PREG\u0102TIM PENTRU VIA\u0162\u0102\u201d din schema de granturi pentru licee ROSE (Romania Secondary Education Project) &nbsp;finan\u0163at de Banca Mondial\u0103 prin Unitatea de management al proiectelor<\/strong>&nbsp;<strong>cu finan\u0163are extern\u0103. Grupul \u021bint\u0103 al proiectului este constituit din elevii claselor a XI-a \u0219i a XII-a. La \u00eenceputul anului \u0219colar se desf\u0103soar\u0103 selec\u021bia elevilor care vor face parte din grupul \u021bint\u0103 \u0219i selec\u021bia cadrelor didactice care vor desf\u0103\u0219ura activit\u0103\u021bile propuse, \u00een baza procedurilor de selec\u021bie aprobate de C.A. al unit\u0103\u021bii \u0219colare.<\/strong><br><strong>\u00cen cadrul proiectului se desf\u0103\u0219oar\u0103&nbsp; urm\u0103toarele activit\u0103\u021bi:<\/strong><\/p>\n\n\n\n<ol class=\"wp-block-list\">\n<li><strong><em>Activita\u0163i pedagogice&nbsp;<\/em><\/strong><strong><em>\u0219<\/em><\/strong><strong><em>i de sprijin<\/em><\/strong>\n<ul class=\"wp-block-list\">\n<li>Activita\u0163i remediale<\/li>\n\n\n\n<li>Consiliere \u015fi orientare privind cariera<\/li>\n<\/ul>\n<\/li>\n\n\n\n<li><strong>Activit\u0103\u021bi extra\u0219colare<\/strong><\/li>\n\n\n\n<li><strong>Activit\u0103\u021bi de renovare \u0219i dotare<\/strong><\/li>\n<\/ol>\n\n\n\n<p><strong>Coordonator de proiect,<\/strong><br><strong>Prof. Dumitru Maria<\/strong><\/p>\n\n\n\n<ul class=\"wp-block-list\">\n<li><a href=\"https:\/\/www.lpspetrachetriscu.ro\/ROSE\/Anunt%20selectie%20grup%20tinta.pdf\" target=\"_blank\" rel=\"noreferrer noopener\">Anunt selectie grup tinta &#8211; descarc\u0103<\/a><\/li>\n\n\n\n<li><a href=\"https:\/\/www.lpspetrachetriscu.ro\/ROSE\/Calendar%20selectie%20grup%20tinta.pdf\" target=\"_blank\" rel=\"noreferrer noopener\">Calendar selectie grup tinta &#8211; descarc\u0103<\/a><\/li>\n\n\n\n<li><a href=\"https:\/\/www.lpspetrachetriscu.ro\/ROSE\/Cerere%20de%20inscriere%20majori.doc\" target=\"_blank\" rel=\"noreferrer noopener\">Cerere de inscriere elevi majori &#8211; descarc\u0103<\/a><\/li>\n\n\n\n<li><a href=\"https:\/\/www.lpspetrachetriscu.ro\/ROSE\/Cerere%20de%20inscriere%20minori.doc\" target=\"_blank\" rel=\"noreferrer noopener\">Cerere de inscriere elevi minori- descarc\u0103<\/a><\/li>\n<\/ul>\n\n\n\n<p><strong>ANUN\u0162<\/strong><\/p>\n\n\n\n<p><strong>In perioada 27 septembrie &#8211; 14 octombrie 2021&nbsp;<\/strong>LICEUL CU PROGRAM SPORTIV \u201cPETRACHE TRI\u015eCU\u201d, CRAIOVA organizeaz\u0103 selec\u0163ia\/constituirea corpului profesoral care va desfasura&nbsp;<strong><em>Activita\u0163i pedagogice si de sprijin<\/em><\/strong>&nbsp;in cadrul subproiectului: ,,NE PREG\u0102TIM PENTRU VIA\u0162\u0102\u201d finan\u0163at de Banca Mondial\u0103 prin Proiectul privind \u00eenv\u0103\u0163\u0103m\u00e2ntul Secundar (ROSE)-Schema de Granturi pentru Licee.<br>Selec\u0163ia \u015fi constituirea corpului profesoral care va desfasura&nbsp;<strong><em>Activita\u0163i pedagogice si de sprijin<\/em><\/strong>&nbsp;in cadrul subproiectului: ,,NE PREG\u0102TIM PENTRU VIA\u0162\u0102\u201d se desfasoar\u0103 conform procedurii PO_ROSE NR. 2 arobat\u0103 in C.A. din 09.09. 2021.<br>In anul \u015fcolar 2021-2022 grupul tinta al proiectului este constituit din 48 elevi ai claselor a XI-a \u015fi a XII- a care vor desfasura urmatoarele activitati:<\/p>\n\n\n\n<p><strong>Activita\u0163i remediale:&nbsp; clasele 12 A (1 grup\u0103 de 12 elevi) \u015fi 12 B (1 grup\u0103 de 12 elevi)<\/strong><\/p>\n\n\n\n<p><strong>Limba rom\u00e2n\u0103<\/strong><\/p>\n\n\n\n<ul class=\"wp-block-list\">\n<li>12 A:&nbsp; 2 ore\/s\u0103pt\u0103m\u00e2n\u0103 x 28 s\u0103pt\u0103m\u00e2ni= 56 ore\/an<\/li>\n\n\n\n<li>12 B:\u00a0 2 ore\/s\u0103pt\u0103m\u00e2n\u0103 x 28 s\u0103pt\u0103m\u00e2ni= 56 ore\/an<\/li>\n<\/ul>\n\n\n\n<p><strong>Limba englez\u0103:<\/strong><\/p>\n\n\n\n<ul class=\"wp-block-list\">\n<li>12 A: 2 ore\/s\u0103pt\u0103m\u00e2n\u0103 x 14 s\u0103pt\u0103m\u00e2ni=28 ore\/an<\/li>\n\n\n\n<li>12 B: 2 ore\/s\u0103pt\u0103m\u00e2n\u0103 x 14 s\u0103pt\u0103m\u00e2ni=28 ore\/an<\/li>\n<\/ul>\n\n\n\n<p><strong>Istorie<\/strong><\/p>\n\n\n\n<ul class=\"wp-block-list\">\n<li>12 A:\u00a0 2 ore\/s\u0103pt\u0103m\u00e2n\u0103 x 14 s\u0103pt\u0103m\u00e2ni=28 ore\/an<\/li>\n\n\n\n<li>12 B: 2 ore\/s\u0103pt\u0103m\u00e2n\u0103 x 14 s\u0103pt\u0103m\u00e2ni=28 ore\/an<\/li>\n<\/ul>\n\n\n\n<p><strong>Geografie:<\/strong><\/p>\n\n\n\n<ul class=\"wp-block-list\">\n<li>12 A:\u00a0 2 ore\/s\u0103pt\u0103m\u00e2n\u0103 x 14 s\u0103pt\u0103m\u00e2ni=28 ore\/an<\/li>\n\n\n\n<li>12 B: 2 ore\/s\u0103pt\u0103m\u00e2n\u0103 x 14 s\u0103pt\u0103m\u00e2ni=28 ore\/an<\/li>\n<\/ul>\n\n\n\n<p><strong>Discipline socio-umane:<\/strong><\/p>\n\n\n\n<ul class=\"wp-block-list\">\n<li>12 A:\u00a0 2 ore\/s\u0103pt\u0103m\u00e2n\u0103 x 14 s\u0103pt\u0103m\u00e2ni=28 ore\/an<\/li>\n\n\n\n<li>12 B: 2 ore\/s\u0103pt\u0103m\u00e2n\u0103 x 14 s\u0103pt\u0103m\u00e2ni=28 ore\/an<\/li>\n<\/ul>\n\n\n\n<p><strong>T.I.C.<\/strong><\/p>\n\n\n\n<ul class=\"wp-block-list\">\n<li>12 A:\u00a0 2 ore\/s\u0103pt\u0103m\u00e2n\u0103 x 14 s\u0103pt\u0103m\u00e2ni=28 ore\/an<\/li>\n\n\n\n<li>12 B: 2 ore\/s\u0103pt\u0103m\u00e2n\u0103 x 14 s\u0103pt\u0103m\u00e2ni=28 ore\/an<\/li>\n<\/ul>\n\n\n\n<p><strong>Activita\u0163i remediale:&nbsp; clasele 11 A (1 grup\u0103 de 12 elevi) \u015fi 11 B(1 grup\u0103 de 12 elevi)<\/strong><\/p>\n\n\n\n<p><strong>Limba rom\u00e2n\u0103:<\/strong><\/p>\n\n\n\n<ul class=\"wp-block-list\">\n<li>11 A: 2 ore\/s\u0103pt\u0103m\u00e2n\u0103 x 28 s\u0103pt\u0103m\u00e2ni=56 ore\/an<\/li>\n\n\n\n<li>11 B: 2 ore\/s\u0103pt\u0103m\u00e2n\u0103 x 28 s\u0103pt\u0103m\u00e2ni=56 ore\/an<\/li>\n<\/ul>\n\n\n\n<p><strong>Consiliere \u015fi orientare privind cariera:<\/strong><\/p>\n\n\n\n<ul class=\"wp-block-list\">\n<li>clasa 12 A<strong>(1 grup\u0103 de 12 elevi sau 2 grupe de 6 elevi)<\/strong>: 8 ore\/ an<\/li>\n\n\n\n<li>clasa 12 B<strong>(1 grup\u0103 de 12 elevi sau 2 grupe de 6 elevi)<\/strong>: 8 ore\/ an<\/li>\n\n\n\n<li>clasa 11 A<strong>(1 grup\u0103 de 12 elevi sau 2 grupe de 6 elevi)<\/strong>: 8 ore\/ an<\/li>\n\n\n\n<li>clasa 11 B<strong>(1 grup\u0103 de 12 elevi sau 2 grupe de 6 elevi)<\/strong>: 8 ore\/ an<\/li>\n<\/ul>\n\n\n\n<p><strong>Total 8 x 4 =32 ore\/an<\/strong><\/p>\n\n\n\n<p><strong>Cadrele didactice care doresc s\u0103 efectueze aceste activit\u0103\u0163i vor depune o cerere de inscriere la concursul de selectie \u015fi o&nbsp; scrisoare de inten\u0163ie la secretariatul \u015fcolii \u00een perioada 27 septembrie -5 octombrie 2021.<\/strong><\/p>\n","protected":false},"excerpt":{"rendered":"<p>Proiectul privind \u00cenv\u0103\u021b\u0103m\u00e2ntul Secundar (ROSE) &#8211;&nbsp;Schema de Granturi pentru Licee&nbsp;&#8211; Beneficiar:&nbsp;LICEUL CU PROGRAM SPORTIV \u201cPETRACHE TRI\u015eCU\u201d, CRAIOVATitlul subproiectului:&nbsp;,,NE PREG\u0102TIM PENTRU VIA\u0162\u0102\u201dAcord de grant [&hellip;]<\/p>\n","protected":false},"author":2,"featured_media":0,"parent":0,"menu_order":0,"comment_status":"closed","ping_status":"closed","template":"","meta":{"footnotes":""},"class_list":["post-222","page","type-page","status-publish","hentry"],"_links":{"self":[{"href":"https:\/\/lpspetrachetriscu.ro\/index.php\/wp-json\/wp\/v2\/pages\/222","targetHints":{"allow":["GET"]}}],"collection":[{"href":"https:\/\/lpspetrachetriscu.ro\/index.php\/wp-json\/wp\/v2\/pages"}],"about":[{"href":"https:\/\/lpspetrachetriscu.ro\/index.php\/wp-json\/wp\/v2\/types\/page"}],"author":[{"embeddable":true,"href":"https:\/\/lpspetrachetriscu.ro\/index.php\/wp-json\/wp\/v2\/users\/2"}],"replies":[{"embeddable":true,"href":"https:\/\/lpspetrachetriscu.ro\/index.php\/wp-json\/wp\/v2\/comments?post=222"}],"version-history":[{"count":1,"href":"https:\/\/lpspetrachetriscu.ro\/index.php\/wp-json\/wp\/v2\/pages\/222\/revisions"}],"predecessor-version":[{"id":225,"href":"https:\/\/lpspetrachetriscu.ro\/index.php\/wp-json\/wp\/v2\/pages\/222\/revisions\/225"}],"wp:attachment":[{"href":"https:\/\/lpspetrachetriscu.ro\/index.php\/wp-json\/wp\/v2\/media?parent=222"}],"curies":[{"name":"wp","href":"https:\/\/api.w.org\/{rel}","templated":true}]}}