{"id":211,"date":"2023-01-05T08:53:59","date_gmt":"2023-01-05T08:53:59","guid":{"rendered":"https:\/\/lpspetrachetriscu.ro\/WordPress\/?page_id=211"},"modified":"2024-08-29T03:56:40","modified_gmt":"2024-08-29T03:56:40","slug":"evaluare-nationala","status":"publish","type":"page","link":"https:\/\/lpspetrachetriscu.ro\/index.php\/evaluare-nationala\/","title":{"rendered":"Evaluare Na\u021bional\u0103"},"content":{"rendered":"\n<h2 class=\"wp-block-heading\"><a href=\"https:\/\/lpspetrachetriscu.ro\/wp-content\/uploads\/2024\/08\/Raport-Evaluare-Nationala-2024.pdf\" data-type=\"link\" data-id=\"https:\/\/lpspetrachetriscu.ro\/wp-content\/uploads\/2024\/08\/Raport-Evaluare-Nationala-2024.pdf\">Raport Evaluare Nationala 2024<\/a><\/h2>\n\n\n\n<h5 class=\"wp-block-heading\" id=\"evaluarea-nationala-2023-are-loc-in-perioada-19-22-iunie-potrivit-calendarului-publicat-in-monitorul-oficial-proba-la-limba-romana-se-va-desfasura-pe-19-iunie-iar-proba-la-matematica-este-programat\">Evaluarea Na\u021bional\u0103 2024 are loc \u00een perioada 25-28 iunie, potrivit calendarului publicat \u00een Monitorul Oficial.<\/h5>\n\n\n\n<p>Elevii de clasa a VIII-a \u00eencheie cursurile pe 14 iunie 2024. \u00censcrierea candida\u021bilor se face automat de c\u0103tre secretariatele \u0219colilor \u00een perioada 11 \u2013 14 iunie. Primele rezultate s-ar afi\u0219a pe 3 iulie, iar cele finale, de dup\u0103 contesta\u021bii, pe 9 iulie 2024.<\/p>\n\n\n\n<p>Calendarul Evaluarea Na\u021bional\u0103 de la finalul clasei a VIII-a 2024:<\/p>\n\n\n\n<ul class=\"wp-block-list\">\n<li><strong>11 \u2013 14 iunie 2024:<\/strong>&nbsp;\u00censcrierea la Evaluarea Na\u021bional\u0103<\/li>\n\n\n\n<li><strong>14 iunie 2024:<\/strong>&nbsp;\u00cencheierea cursurilor pentru elevii de clasa a VIII-a<\/li>\n<\/ul>\n\n\n\n<ul class=\"wp-block-list\">\n<li><strong>25 iunie 2024<\/strong>&nbsp;\u2013 Proba scris\u0103 la Limba rom\u00e2n\u0103<\/li>\n\n\n\n<li><strong>27 iunie 2024<\/strong>&nbsp;\u2013 Proba scris\u0103 la Matematic\u0103<\/li>\n\n\n\n<li><strong>28 iunie 2024<\/strong>&nbsp;\u2013 Proba scris\u0103 la Limba matern\u0103<\/li>\n<\/ul>\n\n\n\n<ul class=\"wp-block-list\">\n<li><strong>3 iulie 2024<\/strong>&nbsp;\u2013 Afi\u0219area rezultatelor \u00eenaintea contesta\u021biilor (p\u00e2n\u0103 la ora 14:00)<\/li>\n\n\n\n<li><strong>3 iulie (orele 16 \u2013 19) \u0219i 4 iulie 2024 (ora 08:00 \u2013 ora 12:00)<\/strong>&nbsp;\u2013 Depunerea contesta\u021biilor<\/li>\n\n\n\n<li><strong>4 \u2013 9 iulie 2024<\/strong>&nbsp;\u2013 Solu\u021bionarea contesta\u021biilor<\/li>\n\n\n\n<li><strong>9 iulie 2024<\/strong>&nbsp;\u2013 Afi\u0219area rezultatelor finale dup\u0103 solu\u021bionarea contesta\u021biilor<\/li>\n<\/ul>\n\n\n\n<p><strong>Ordinul privind organizarea \u0219i desf\u0103\u0219urarea Evalu\u0103rii Na\u021bionale 2024 <\/strong><\/p>\n\n\n\n<div data-wp-interactive=\"core\/file\" class=\"wp-block-file\"><object data-wp-bind--hidden=\"!state.hasPdfPreview\" hidden class=\"wp-block-file__embed\" data=\"https:\/\/lpspetrachetriscu.ro\/wp-content\/uploads\/2023\/10\/Calendar-Ordin-Evaluarea-Nationala-2023-2024-Monitorul-Oficial-Partea-I-nr.-795.pdf\" type=\"application\/pdf\" style=\"width:100%;height:600px\" aria-label=\"\u00cenglobare pentru Calendar-Ordin-Evaluarea-Nationala-2023-2024-Monitorul-Oficial-Partea-I-nr.-795.\"><\/object><a id=\"wp-block-file--media-df95c267-0d47-477b-a5ba-dcbaf4181403\" href=\"https:\/\/lpspetrachetriscu.ro\/wp-content\/uploads\/2023\/10\/Calendar-Ordin-Evaluarea-Nationala-2023-2024-Monitorul-Oficial-Partea-I-nr.-795.pdf\">Calendar-Ordin-Evaluarea-Nationala-2023-2024-Monitorul-Oficial-Partea-I-nr.-795<\/a><a href=\"https:\/\/lpspetrachetriscu.ro\/wp-content\/uploads\/2023\/10\/Calendar-Ordin-Evaluarea-Nationala-2023-2024-Monitorul-Oficial-Partea-I-nr.-795.pdf\" class=\"wp-block-file__button wp-element-button\" download aria-describedby=\"wp-block-file--media-df95c267-0d47-477b-a5ba-dcbaf4181403\">Descarc\u0103<\/a><\/div>\n","protected":false},"excerpt":{"rendered":"<p>Raport Evaluare Nationala 2024 Evaluarea Na\u021bional\u0103 2024 are loc \u00een perioada 25-28 iunie, potrivit calendarului publicat \u00een Monitorul Oficial. Elevii de clasa a [&hellip;]<\/p>\n","protected":false},"author":2,"featured_media":0,"parent":0,"menu_order":0,"comment_status":"closed","ping_status":"closed","template":"","meta":{"footnotes":""},"class_list":["post-211","page","type-page","status-publish","hentry"],"_links":{"self":[{"href":"https:\/\/lpspetrachetriscu.ro\/index.php\/wp-json\/wp\/v2\/pages\/211","targetHints":{"allow":["GET"]}}],"collection":[{"href":"https:\/\/lpspetrachetriscu.ro\/index.php\/wp-json\/wp\/v2\/pages"}],"about":[{"href":"https:\/\/lpspetrachetriscu.ro\/index.php\/wp-json\/wp\/v2\/types\/page"}],"author":[{"embeddable":true,"href":"https:\/\/lpspetrachetriscu.ro\/index.php\/wp-json\/wp\/v2\/users\/2"}],"replies":[{"embeddable":true,"href":"https:\/\/lpspetrachetriscu.ro\/index.php\/wp-json\/wp\/v2\/comments?post=211"}],"version-history":[{"count":4,"href":"https:\/\/lpspetrachetriscu.ro\/index.php\/wp-json\/wp\/v2\/pages\/211\/revisions"}],"predecessor-version":[{"id":754,"href":"https:\/\/lpspetrachetriscu.ro\/index.php\/wp-json\/wp\/v2\/pages\/211\/revisions\/754"}],"wp:attachment":[{"href":"https:\/\/lpspetrachetriscu.ro\/index.php\/wp-json\/wp\/v2\/media?parent=211"}],"curies":[{"name":"wp","href":"https:\/\/api.w.org\/{rel}","templated":true}]}}