{"id":210,"date":"2023-01-05T08:48:27","date_gmt":"2023-01-05T08:48:27","guid":{"rendered":"https:\/\/lpspetrachetriscu.ro\/WordPress\/?page_id=210"},"modified":"2023-10-09T08:25:03","modified_gmt":"2023-10-09T08:25:03","slug":"bacalaureat","status":"publish","type":"page","link":"https:\/\/lpspetrachetriscu.ro\/index.php\/bacalaureat\/","title":{"rendered":"Bacalaureat"},"content":{"rendered":"\n<h2 class=\"wp-block-heading\">Bacalaureat 2024<\/h2>\n\n\n\n<blockquote class=\"wp-block-quote is-layout-flow wp-block-quote-is-layout-flow\">\n<p>Examenul na\u021bional de bacalaureat 2024&nbsp;(ambele sesiuni) se va desf\u0103\u015fura&nbsp;\u00een conformitate cu&nbsp;prevederile&nbsp;<a href=\"https:\/\/legislatie.just.ro\/Public\/DetaliiDocument\/274246\" target=\"_blank\" rel=\"noreferrer noopener\"><strong>ordinului de ministru 6.156\/31.08.2023<\/strong><\/a>&nbsp;\u0219i ale&nbsp;<a href=\"http:\/\/www.edu.ro\/sites\/default\/files\/fisiere%20articole\/Anexa_2_Metodologia_bacalaureat_2011.pdf\" target=\"_blank\" rel=\"noreferrer noopener\">Metodologiei de organizare \u015fi desf\u0103\u015furare a examenului de Bacalaureat &#8211; 2011<\/a>&nbsp;(aprobat\u0103 prin ordinul ministrului educa\u0163iei, cercet\u0103rii, tineretului \u015fi sportului nr. 4.799\/2010).<\/p>\n<\/blockquote>\n\n\n\n<p><strong>Calendar probe scrise: prima sesiune<\/strong><\/p>\n\n\n\n<figure class=\"wp-block-image\"><img decoding=\"async\" src=\"https:\/\/edu.ro\/sites\/default\/files\/_imagini\/agenda_evenimente\/2023\/calendar_bacalaureat_I_2024.jpg\" alt=\"\"\/><\/figure>\n\n\n\n<ul class=\"wp-block-list\">\n<li><a rel=\"noreferrer noopener\" href=\"https:\/\/legislatie.just.ro\/Public\/DetaliiDocument\/274238\" target=\"_blank\"><strong>Ordin\u00a0nr. 6.152\/31.08.2023<\/strong><\/a>\u00a0pentru modificarea\u00a0anexelor nr. 1-3\u00a0la\u00a0Ordinul ministrului educa\u021biei, cercet\u0103rii, tineretului \u0219i sportului nr. 5.219\/2010\u00a0privind recunoa\u0219terea \u0219i echivalarea rezultatelor ob\u021binute la examene cu recunoa\u0219tere interna\u021bional\u0103 pentru certificarea competen\u021belor lingvistice \u00een limbi str\u0103ine \u0219i la examene cu recunoa\u0219tere european\u0103 pentru certificarea competen\u021belor digitale cu probele de evaluare a competen\u021belor lingvistice \u00eentr-o limb\u0103 de circula\u021bie interna\u021bional\u0103 studiat\u0103 pe parcursul \u00eenv\u0103\u021b\u0103m\u00e2ntului liceal, respectiv de evaluare a competen\u021belor digitale, din cadrul examenului de bacalaureat<\/li>\n<\/ul>\n\n\n\n<h2 class=\"wp-block-heading\">Bacalaureat 2023<\/h2>\n\n\n\n<p><strong>Examenul na\u021bional de bacalaureat 2023<\/strong>\u00a0se va desf\u0103\u015fura\u00a0\u00een conformitate cu prevederile\u00a0<a href=\"https:\/\/www.edu.ro\/sites\/default\/files\/fisiere%20articole\/Anexa_2_Metodologia_bacalaureat_2011.pdf\">Metodologiei de organizare \u015fi desf\u0103\u015furare a examenului de Bacalaureat &#8211; 2011<\/a>\u00a0(aprobat\u0103 prin ordinul ministrului educa\u0163iei, cercet\u0103rii, tineretului \u015fi sportului nr. 4.799\/2010) \u015fi cu prevederile\u00a0<strong>ordinului de ministru nr. 5.242\/2022.<\/strong><\/p>\n\n\n\n<ul class=\"wp-block-list\">\n<li><a href=\"https:\/\/www.edu.ro\/sites\/default\/files\/_fi%C8%99iere\/Minister\/2022\/inv.%20preuniversitar\/note_proceduri\/Procedura_egalizare_sanse_2022_2023.pdf\" target=\"_blank\" rel=\"noreferrer noopener\"><strong>PROCEDUR\u0102 cu privire la asigurarea condi\u021biilor de egalizare a \u0219anselor<\/strong><\/a>&nbsp;pentru elevii cu deficien\u021be de vedere, deficien\u021be de auz \u0219i tulbur\u0103ri de neurodezvoltare care sus\u021bin examenele na\u021bionale: evaluarea na\u021bional\u0103 pentru absolven\u021bii clasei &nbsp;a VIII-a \u0219i examenul na\u021bional de bacalaureat &#8211;<strong>&nbsp;sesiunea 2023&nbsp;<\/strong>\n<ul class=\"wp-block-list\">\n<li>(fi\u0219ier pdf)&nbsp;<a href=\"https:\/\/www.edu.ro\/sites\/default\/files\/_fi%C8%99iere\/Minister\/2022\/inv.%20preuniversitar\/note_proceduri\/Anexa_Cerere_Procedura_egalizare_sanse_2023.pdf\" target=\"_blank\" rel=\"noreferrer noopener\"><em><strong>Model cerere<\/strong><\/em><\/a>&nbsp;(va&nbsp;fi completat\u0103 de p\u0103rinte\/tutore\/reprezentant legal al elevei\/elevului\/candidatei\/candidatului)<\/li>\n<\/ul>\n<\/li>\n<\/ul>\n\n\n\n<p>Informa\u021biile privind organizarea \u0219i desf\u0103\u0219urarea Examenului Na\u021bional de Bacalaureat sunt cele disponibile pe site-ul Ministerului Educa\u021biei \u0219i Cercet\u0103rii la sec\u021biunea Bacalaureat,&nbsp;&nbsp;<a href=\"https:\/\/www.edu.ro\/bacalaureat\" target=\"_blank\" rel=\"noreferrer noopener\">https:\/\/www.edu.ro\/bacalaureat<\/a><\/p>\n\n\n\n<figure class=\"wp-block-image\"><img decoding=\"async\" src=\"https:\/\/ltmb-caracal.ro\/images\/Bacalaureat_2023_sesiunea_1.png\" alt=\"Bacalaureat 2023 sesiunea 1\"\/><\/figure>\n\n\n\n<figure class=\"wp-block-image\"><img decoding=\"async\" src=\"https:\/\/ltmb-caracal.ro\/images\/Bacalaureat_2023_sesiunea_2.png\" alt=\"Bacalaureat 2023 sesiunea 2\"\/><\/figure>\n\n\n\n<p><\/p>\n","protected":false},"excerpt":{"rendered":"<p>Bacalaureat 2024 Examenul na\u021bional de bacalaureat 2024&nbsp;(ambele sesiuni) se va desf\u0103\u015fura&nbsp;\u00een conformitate cu&nbsp;prevederile&nbsp;ordinului de ministru 6.156\/31.08.2023&nbsp;\u0219i ale&nbsp;Metodologiei de organizare \u015fi desf\u0103\u015furare a examenului [&hellip;]<\/p>\n","protected":false},"author":2,"featured_media":0,"parent":0,"menu_order":0,"comment_status":"closed","ping_status":"closed","template":"","meta":{"footnotes":""},"class_list":["post-210","page","type-page","status-publish","hentry"],"_links":{"self":[{"href":"https:\/\/lpspetrachetriscu.ro\/index.php\/wp-json\/wp\/v2\/pages\/210","targetHints":{"allow":["GET"]}}],"collection":[{"href":"https:\/\/lpspetrachetriscu.ro\/index.php\/wp-json\/wp\/v2\/pages"}],"about":[{"href":"https:\/\/lpspetrachetriscu.ro\/index.php\/wp-json\/wp\/v2\/types\/page"}],"author":[{"embeddable":true,"href":"https:\/\/lpspetrachetriscu.ro\/index.php\/wp-json\/wp\/v2\/users\/2"}],"replies":[{"embeddable":true,"href":"https:\/\/lpspetrachetriscu.ro\/index.php\/wp-json\/wp\/v2\/comments?post=210"}],"version-history":[{"count":3,"href":"https:\/\/lpspetrachetriscu.ro\/index.php\/wp-json\/wp\/v2\/pages\/210\/revisions"}],"predecessor-version":[{"id":529,"href":"https:\/\/lpspetrachetriscu.ro\/index.php\/wp-json\/wp\/v2\/pages\/210\/revisions\/529"}],"wp:attachment":[{"href":"https:\/\/lpspetrachetriscu.ro\/index.php\/wp-json\/wp\/v2\/media?parent=210"}],"curies":[{"name":"wp","href":"https:\/\/api.w.org\/{rel}","templated":true}]}}