{"id":178,"date":"2023-01-03T09:08:36","date_gmt":"2023-01-03T09:08:36","guid":{"rendered":"https:\/\/lpspetrachetriscu.ro\/WordPress\/?page_id=178"},"modified":"2024-08-29T04:14:16","modified_gmt":"2024-08-29T04:14:16","slug":"rapoarte","status":"publish","type":"page","link":"https:\/\/lpspetrachetriscu.ro\/index.php\/rapoarte\/","title":{"rendered":"Rapoarte"},"content":{"rendered":"\n<h2 class=\"wp-block-heading\">An \u0219colar 2023-2024<\/h2>\n\n\n\n<ul class=\"wp-block-list\">\n<li><a href=\"https:\/\/lpspetrachetriscu.ro\/wp-content\/uploads\/2024\/08\/Raport-Comisia-pentru-Mentorat-2023-2024.pdf\" data-type=\"link\" data-id=\"https:\/\/lpspetrachetriscu.ro\/wp-content\/uploads\/2024\/08\/Raport-Comisia-pentru-Mentorat-2023-2024.pdf\">Raport Comisia pentru Mentorat 2023-2024<\/a><\/li>\n\n\n\n<li><a href=\"https:\/\/lpspetrachetriscu.ro\/wp-content\/uploads\/2024\/08\/Raport-Coordonator-de-proiecte-2023-2024.pdf\" data-type=\"link\" data-id=\"https:\/\/lpspetrachetriscu.ro\/wp-content\/uploads\/2024\/08\/Raport-Coordonator-de-proiecte-2023-2024.pdf\">Raport Coordonator de proiecte 2023-2024<\/a><\/li>\n\n\n\n<li><a href=\"https:\/\/lpspetrachetriscu.ro\/wp-content\/uploads\/2024\/08\/Raport-RAEI.pdf\" data-type=\"link\" data-id=\"https:\/\/lpspetrachetriscu.ro\/wp-content\/uploads\/2024\/08\/Raport-RAEI.pdf\">Raport RAEI<\/a><\/li>\n\n\n\n<li><a href=\"https:\/\/lpspetrachetriscu.ro\/wp-content\/uploads\/2024\/08\/Raport-SAPTAMANA-VERDE-2024.pdf\" data-type=\"link\" data-id=\"https:\/\/lpspetrachetriscu.ro\/wp-content\/uploads\/2024\/08\/Raport-SAPTAMANA-VERDE-2024.pdf\">Raport SAPTAMANA VERDE! 2024<\/a><\/li>\n\n\n\n<li><a href=\"https:\/\/lpspetrachetriscu.ro\/wp-content\/uploads\/2024\/08\/Raport-SCOALA-ALTFEL-2024.pdf\" data-type=\"link\" data-id=\"https:\/\/lpspetrachetriscu.ro\/wp-content\/uploads\/2024\/08\/Raport-SCOALA-ALTFEL-2024.pdf\">Raport SCOALA ALTFEL! 2024<\/a><\/li>\n\n\n\n<li><a href=\"https:\/\/lpspetrachetriscu.ro\/wp-content\/uploads\/2024\/08\/Raport-SNAC-2023-2024.pdf\" data-type=\"link\" data-id=\"https:\/\/lpspetrachetriscu.ro\/wp-content\/uploads\/2024\/08\/Raport-SNAC-2023-2024.pdf\">Raport SNAC 2023-2024<\/a><\/li>\n<\/ul>\n\n\n\n<div class=\"wp-block-columns is-layout-flex wp-container-core-columns-is-layout-28f84493 wp-block-columns-is-layout-flex\">\n<div class=\"wp-block-column is-layout-flow wp-block-column-is-layout-flow\" style=\"flex-basis:100%\">\n<div style=\"margin-top:0;margin-bottom:0;height:25px\" aria-hidden=\"true\" class=\"wp-block-spacer\"><\/div>\n<\/div>\n<\/div>\n\n\n\n<h2 class=\"wp-block-heading\">An \u0219colar 2022-2023<\/h2>\n\n\n\n<h2 class=\"wp-block-heading\">RAPORT DE ANALIZ\u0102 A ACTIVIT\u0102\u0162II DESF\u0102\u015eURATE \u00ceN LICEUL CU PROGRAM SPORTIV \u201ePETRACHE TRI\u015eCU\u201d &#8211; AN \u015eCOLAR 2022-2023<\/h2>\n\n\n\n<div data-wp-interactive=\"core\/file\" class=\"wp-block-file\"><object data-wp-bind--hidden=\"!state.hasPdfPreview\" hidden class=\"wp-block-file__embed\" data=\"https:\/\/lpspetrachetriscu.ro\/wp-content\/uploads\/2023\/10\/Raport-anual-LPS-Petrache-Triscu-2022-2023.pdf\" type=\"application\/pdf\" style=\"width:100%;height:600px\" aria-label=\"\u00cenglobare pentru Raport-anual-LPS-Petrache-Triscu-2022-2023.\"><\/object><a id=\"wp-block-file--media-3bf528e3-91ba-416b-994b-e3089a9892c5\" href=\"https:\/\/lpspetrachetriscu.ro\/wp-content\/uploads\/2023\/10\/Raport-anual-LPS-Petrache-Triscu-2022-2023.pdf\" target=\"_blank\" rel=\"noreferrer noopener\">Raport-anual-LPS-Petrache-Triscu-2022-2023<\/a><a href=\"https:\/\/lpspetrachetriscu.ro\/wp-content\/uploads\/2023\/10\/Raport-anual-LPS-Petrache-Triscu-2022-2023.pdf\" class=\"wp-block-file__button wp-element-button\" download aria-describedby=\"wp-block-file--media-3bf528e3-91ba-416b-994b-e3089a9892c5\">Descarc\u0103<\/a><\/div>\n","protected":false},"excerpt":{"rendered":"<p>An \u0219colar 2023-2024 An \u0219colar 2022-2023 RAPORT DE ANALIZ\u0102 A ACTIVIT\u0102\u0162II DESF\u0102\u015eURATE \u00ceN LICEUL CU PROGRAM SPORTIV \u201ePETRACHE TRI\u015eCU\u201d &#8211; AN \u015eCOLAR 2022-2023<\/p>\n","protected":false},"author":2,"featured_media":0,"parent":0,"menu_order":0,"comment_status":"closed","ping_status":"closed","template":"","meta":{"footnotes":""},"class_list":["post-178","page","type-page","status-publish","hentry"],"_links":{"self":[{"href":"https:\/\/lpspetrachetriscu.ro\/index.php\/wp-json\/wp\/v2\/pages\/178","targetHints":{"allow":["GET"]}}],"collection":[{"href":"https:\/\/lpspetrachetriscu.ro\/index.php\/wp-json\/wp\/v2\/pages"}],"about":[{"href":"https:\/\/lpspetrachetriscu.ro\/index.php\/wp-json\/wp\/v2\/types\/page"}],"author":[{"embeddable":true,"href":"https:\/\/lpspetrachetriscu.ro\/index.php\/wp-json\/wp\/v2\/users\/2"}],"replies":[{"embeddable":true,"href":"https:\/\/lpspetrachetriscu.ro\/index.php\/wp-json\/wp\/v2\/comments?post=178"}],"version-history":[{"count":5,"href":"https:\/\/lpspetrachetriscu.ro\/index.php\/wp-json\/wp\/v2\/pages\/178\/revisions"}],"predecessor-version":[{"id":768,"href":"https:\/\/lpspetrachetriscu.ro\/index.php\/wp-json\/wp\/v2\/pages\/178\/revisions\/768"}],"wp:attachment":[{"href":"https:\/\/lpspetrachetriscu.ro\/index.php\/wp-json\/wp\/v2\/media?parent=178"}],"curies":[{"name":"wp","href":"https:\/\/api.w.org\/{rel}","templated":true}]}}