{"id":16,"date":"2022-11-18T08:43:58","date_gmt":"2022-11-18T08:43:58","guid":{"rendered":"https:\/\/lpspetrachetriscu.ro\/WordPress\/?page_id=16"},"modified":"2023-08-17T10:13:45","modified_gmt":"2023-08-17T10:13:45","slug":"istoric","status":"publish","type":"page","link":"https:\/\/lpspetrachetriscu.ro\/index.php\/istoric\/","title":{"rendered":"SCURT ISTORIC"},"content":{"rendered":"\n<h2 class=\"wp-block-heading\">AL LICEULUI CU PROGRAM SPORTIV \u201cPETRACHE TRI\u015eCU\u201d CRAIOVA<\/h2>\n\n\n\n<div class=\"wp-block-group is-layout-constrained wp-block-group-is-layout-constrained\">\n<div class=\"wp-block-columns is-layout-flex wp-container-core-columns-is-layout-28f84493 wp-block-columns-is-layout-flex\">\n<div class=\"wp-block-column is-layout-flow wp-block-column-is-layout-flow\" style=\"flex-basis:25%\">\n<figure class=\"wp-block-image size-full\"><img loading=\"lazy\" decoding=\"async\" width=\"116\" height=\"163\" src=\"https:\/\/lpspetrachetriscu.ro\/wp-content\/uploads\/2022\/11\/istoric1_clip_image002-4.jpg\" alt=\"\" class=\"wp-image-81\"\/><\/figure>\n<\/div>\n\n\n\n<div class=\"wp-block-column is-layout-flow wp-block-column-is-layout-flow\" style=\"flex-basis:25%\"><\/div>\n\n\n\n<div class=\"wp-block-column is-layout-flow wp-block-column-is-layout-flow\" style=\"flex-basis:25%\"><\/div>\n\n\n\n<div class=\"wp-block-column is-layout-flow wp-block-column-is-layout-flow\" style=\"flex-basis:25%\">\n<figure class=\"wp-block-image alignright size-full\"><img loading=\"lazy\" decoding=\"async\" width=\"118\" height=\"160\" src=\"https:\/\/lpspetrachetriscu.ro\/wp-content\/uploads\/2022\/11\/istoric1_clip_image002_0000-4.jpg\" alt=\"\" class=\"wp-image-80\"\/><\/figure>\n<\/div>\n<\/div>\n<\/div>\n\n\n\n<div class=\"wp-block-columns is-layout-flex wp-container-core-columns-is-layout-28f84493 wp-block-columns-is-layout-flex\">\n<div class=\"wp-block-column is-layout-flow wp-block-column-is-layout-flow\" style=\"flex-basis:100%\">\n<figure class=\"wp-block-table is-style-stripes\" style=\"padding-top:0;padding-right:0;padding-bottom:0;padding-left:0\"><table><tbody><tr><td><strong>\u015ecoala Comunal\u0103 de b\u0103ie\u0163i \u201cPetrache Tri\u015fcu-Mircea \u015fi so\u0163ia sa\u201d este, \u00een \u00eenceputurile ei, opera de cald patriotism a unui mare om de suflet, Petrache Tri\u015fcu-Mircea, viceprimar al Craiovei, comerciant \u015fi proprietar al mo\u015fiei de la Urzicu\u0163a \u015fi a unor cl\u0103diri, situate pe strada Sf\u00e2ntul Dimitrie din Craiova.<\/strong><br>Petrache Tri\u015fcu-Mircea s-a n\u0103scut la Craiova, \u00een anul 1826.<br>Era primul copil al familiei Maria \u015fi Mircea Tri\u015fcu. A avut doi fra\u0163i mai mici: Mihai \u015fi Savu, precum \u015fi o sor\u0103 Tudori\u0163a, mezina familiei.<br>Cursurile primare le-a urmat la \u015ecoala Obedeanu, pe care le-a absolvit \u00een anul 1838, fiind apoi \u00eenscris la \u015ecoala Central\u0103 (actualul Colegiu Na\u0163ional \u201cCarol I\u201d din Craiova).<br>Dup\u0103 absolvire este trimis la Timi\u015foara unde \u00ee\u015fi va continua studiile, \u00eentr-o \u015fcoal\u0103 cu profil comercial.<br>Revenit la Craiova, Petrache l-a ajutat pe tat\u0103l s\u0103u \u00een comer\u0163ul cu vite \u015fi la administrarea mo\u015fiei p\u0103rinte\u015fti.<br>Aflat cu treburi comerciale tocmai \u00een T\u00e2rgul Ie\u015filor, soarta i-a scos-o \u00een cale pe Maria, fiica \u201ccomersantului\u201d Dumitru Mihail, pe care a cunoscut-o \u00een casa acestuia. Dragoste la prima vedere. Hot\u0103r\u00e2t, Petrache o cere pe frumoasa moldoveanc\u0103 de so\u0163ie, cererea a fost acceptat\u0103 \u015fi de fat\u0103 \u015fi de c\u0103tre familia acesteia. La acea vreme Petrache avea 43 de ani iar Maria 32.<br>S-au c\u0103s\u0103torit la Craiova, \u00een ziua de 18 ianuarie 1870, ora 16 (certificat nr. 71), iar nunta au f\u0103cut-o \u00een casele \u201cTri\u015fcu\u201d, aflate undeva pe strada Sf\u00e2ntul Dimitrie, din suburbia cu acela\u015fi nume.<br>A fost o c\u0103snicie fericit\u0103. De\u015fi am\u00e2ndoi doreau s\u0103 aib\u0103 mo\u015ftenitori, voia nu le-a fost \u00eemplinit\u0103. Din contr\u0103, numai dup\u0103 zece ani de la c\u0103s\u0103torie, Maria a decedat, fiind r\u0103pus\u0103 de o boal\u0103 nemiloas\u0103 la acea vreme, ftizia. Afectat de pierderea so\u0163iei, pe care a divinizat-o, ne\u00eemp\u0103cat cu g\u00e2ndul singur\u0103t\u0103\u0163ii, Petrache s-a \u00eemboln\u0103vit de inim\u0103, boal\u0103 care, p\u00e2n\u0103 la urm\u0103 i-a fost fatal\u0103.<br>Din dorin\u0163a de a veni \u00een sprijinul copiilor s\u0103raci din ora\u015f, a \u00eentocmit un testament \u2013 \u00een data de 13 octombrie 1886 \u2013 prin care a dorit s\u0103 se \u00eenal\u0163e o \u015fcoal\u0103 primar\u0103 \u201c(\u2026) pe locul meu viran din acest ora\u015f, aflat \u00een mahalaua Sf\u00e2ntul Ioan Hera, pe a c\u0103rui frontispiciu va fi \u00eentotdeauna inscrip\u0163ia: &lt;&lt;\u015ecoala comunal\u0103 Petrache Tri\u015fcu-Mircea \u015fi so\u0163ia sa&gt;&gt; cu litere de aur, iar \u00een sala de recep\u0163iune a \u015fcolii, se va pune pentru vecie bustul meu \u015fi al decedatei mele so\u0163ii, preaiubita Maria, legate \u00eentre d\u00e2nsele prin inscrip\u0163iunea: &lt;&lt;FONDATORII&gt;&gt;\u201d. \u201cAceast\u0103 \u015fcoal\u0103 se va \u00een\u0103l\u0163a \u015fi se va \u00eentre\u0163ine de legatara mea universal\u0103; \u00een ceea ce prive\u015fte plata corpului profesoral, al servitorilor \u015fi a celor-alte neces\u0103ri, cu venitul propriet\u0103\u0163ii mele Urzicu\u0163a, din plasa Balta, jude\u0163ul Doljiu\u201d.<br>Dorin\u0163a sa a fost ca \u015fi casele familiei, aflate pe strada Sf\u00e2ntul Dimitrie \u201c(\u2026) s\u0103 fie p\u0103strate pentru a aduce venit prin \u00eenchiriere, iar din prinosul venitului ob\u0163inut s\u0103 se cumpere \u015fi alte case pentru \u00eenchiriat drept investi\u0163ie, astfel \u00eenc\u00e2t nu numai s\u0103 asigure o bun\u0103 \u00eentre\u0163inere ci s\u0103 se cumpere haine \u015fi c\u0103r\u0163i pentru copiii familiilor, s\u0103race. \u00cen aceast\u0103 \u015fcoal\u0103, instruc\u0163iunea va fi public\u0103 \u015fi gratis (\u2026)\u201d.<br>Dup\u0103 moartea subit\u0103 a lui Petrache Tri\u015fcu-Mircea survenit\u0103 \u00een noaptea de 11 noiembrie 1886, dat\u0103 devenit\u0103 dup\u0103 ani, \u201eZiua Liceului\u201d, &nbsp;la data de 17 aprilie 1889 \u00een prezen\u0163a Primarului Nicolaus Racovi\u0163\u0103 \u015fi a Prefectului jude\u0163ului Nicolae Economu s-a pus piatra de temelie a cl\u0103dirii proiectat\u0103 de inginerul \u015fef al ora\u015fului Craiova C. Litarezek, dat\u0103 spre executare antreprenorilor Domenico Costa \u015fi Dumitru Nedelcu.<br>\u00cen diminea\u0163a zilei de 1 septembrie 1890, spre curtea \u015ecolii Comunale \u201cPetrache Tri\u015fcu-Mircea \u015fi so\u0163ia sa\u201d, se \u00eendreptau pa\u015fii unui num\u0103r mare de oameni, uni\u0163i prin aceea\u015fi emo\u0163ie \u015fi lumin\u0103 \u2013 noul loca\u015f de cultur\u0103. La inaugurarea celei mai noi \u015fi mai mari \u015fcoli primare a ora\u015fului au participat primarul, prefectul jude\u0163ului, consilieri, reprezentantul Revizoratului \u015fcolar, directori \u015fi institutori de la alte \u015fcoli.<br><strong>Prin unirea Clubului Sportiv \u015ecolar \u201eOlimpia\u201d cu \u015ecoala General\u0103 Nr. 5 \u201ePetrache Tri\u015fcu\u201d \u00een 1997 a luat fiin\u0163\u0103 Liceul cu Program Sportiv \u201cPetrache Tri\u015fcu\u201d<\/strong><br>Noua institu\u0163ie de \u00eenv\u0103\u0163\u0103m\u00e2nt a polarizat, \u00eenc\u0103 de la \u00eenceput, interesul unanim \u015fi preocup\u0103rile tuturor factorilor \u015fi mai ales al personalui didactic, didactic auxiliar \u015fi nedidactic, care s-a str\u00e2ns \u00een jurul acestei tinere institu\u0163ii, consacr\u00e2ndu-\u015fi for\u0163ele pentru a o \u00eent\u0103ri.<br>\u00cenv\u0103\u0163\u0103m\u00e2ntul din Craiova avea acum un nou suport de n\u0103dejde \u015fi competent pentru a cuteza la des\u0103v\u00e2r\u015firea rosturilor sale, la fundamentarea unor mari \u015fi frumoase perspective pentru \u00eenf\u0103ptuirea vechilor aspira\u0163ii.<br>Institu\u0163ia, condus\u0103 ast\u0103zi de c\u0103tre o echip\u0103 de valoare format\u0103 din: profesor Anghel D\u0103nu\u0163 \u2013 director, el \u00eensu\u015fi fost elev al \u015ecolii Generale Nr. 5 \u201ePetrache Tri\u015fcu\u201d, profesor Berindeie Mihaela \u015fi profesor Br\u00eendu\u015foiu Ionel C\u0103t\u0103lin \u2013 directori adjunc\u0163i, a fost \u015fi este considerat\u0103 una dintre cele mai bune \u015fcoli din municipiu \u015fi din \u0163ar\u0103, deoarece rezultatele remarcabile ob\u0163inute de-a lungul anilor s-au concretizat \u00een formarea mai multor genera\u0163ii de intelectuali \u015fi sportivi de renume jude\u0163ean, na\u0163ional \u015fi interna\u0163ional.<br>\u00cen anul 2003 a fost dat\u0103 \u00een folosin\u0163\u0103 o modern\u0103 sal\u0103 de sport \u2013 Sala de Scrim\u0103 \u201cPetrache Tri\u015fcu\u201d \u2013 construit\u0103 \u00een cadrul programului guvernamental \u201cS\u0103li de sport\u201d.<br>Una dintre cele mai semnificative realiz\u0103ri ale eficien\u0163ei managementului \u00een aceast\u0103 ultim\u0103 perioad\u0103 este ridicarea unit\u0103\u0163ii de \u00eenv\u0103\u0163\u0103m\u00e2nt la nivelul de \u015fcoal\u0103 reprezentativ\u0103 de tip european, \u00een decursul anilor colectivele de dasc\u0103li ai \u015fcolii au muncit cu pasiune \u015fi d\u0103ruire pentru o dezvoltare impetuoas\u0103 \u015fi sigur\u0103 a unit\u0103\u0163ii de \u00eenv\u0103\u0163\u0103m\u00e2nt, \u00een general, dar \u015fi pentru formarea noilor genera\u0163ii \u00een special.<br>\u00cen cursul fiec\u0103rui an \u015fcolar, aproximativ 200 de elevi au fost \u015fi sunt premian\u0163i, datorit\u0103 rezultatelor deosebite ob\u0163inute la fazele municipale, jude\u0163ene, na\u0163ionale \u015fi interna\u0163ionale la diferite concursuri sportive.<br><strong>Rezultatele la concursurile sportive \u015fi \u015fcolare, la examenul de bacalaureat, la test\u0103rile na\u0163ionale, unde elevii unit\u0103\u0163ii s-au situate pe primele locuri, atest\u0103 vechea etichetare a Liceului cu Program Sportiv \u201cPetrache Tri\u015fcu\u201d drept&nbsp;<em>unitate etalon a \u00eenv\u0103\u0163\u0103m\u00e2ntului doljean \u015fi na\u0163ional<\/em>.<\/strong><br>Implicarea elevilor \u015fi a cadrelor didactice \u00een proiecte educa\u0163ionale europene este \u00eenc\u0103 o dovad\u0103 a calit\u0103\u0163ilor deosebite remarcate \u00een aceast\u0103 unitate de \u00eenv\u0103\u0163\u0103m\u00e2nt, iar deschiderea spre lume \u015fi aprecierea \u00een plan interna\u0163ional oblig\u0103 la o permanent\u0103 preocupare pentru eficientizarea procesului instructiv-educativ.<br>Expunerile teoretice, aplica\u0163iile practice, programele artistice, standardele elevilor, calitatea procesului instructiv-educativ, cadre didactice foarte bine preg\u0103tite, toate acestea au fost \u015fi sunt concretizate \u00eentr-o reu\u015fit\u0103 ac\u0163iune educativ\u0103, \u00een care au fost \u015fi sunt implica\u0163i foarte mul\u0163i elevi \u015fi cadre didactice. Colaborarea \u015fcoal\u0103 \u2013 familie a adus institu\u0163iei un aport deosebit, la ob\u0163inerea acestor rezultate. Manifest\u0103rile desf\u0103\u015furate \u00een unitate, au eviden\u0163iat calitatea demersului educativ.<br>Mul\u0163i dintre elevii \u015fcolii au f\u0103cut parte de-a lungul anilor din loturile na\u0163ionale \u015fi interna\u0163ionale care au reprezentat Rom\u00e2nia \u00een confrunt\u0103rile interna\u0163ionale la scrim\u0103, atletism, badminton, caiac-canoe, judo, \u015fah precum \u015fi la concursurile jude\u0163ene de Protec\u0163ie Civil\u0103, Sanitarii pricepu\u0163i, limba rom\u00e2n\u0103, matematic\u0103, fizic\u0103, chimie, biologie, istorie, geografie, limba englez\u0103, arte plastice etc.<br>A\u015fa cum numele \u201cPetrache Tri\u015fcu\u201d \u2013 pe care \u00eel poart\u0103 \u00een prezent unitatea de \u00eenv\u0103\u0163\u0103m\u00e2nt \u2013 a intrat, pentru totdeauna, \u00een patrimoniul cultural \u015fi sportiv al \u0163\u0103rii noastre \u015fi a ajuns s\u0103 fie cunoscut \u015fi pre\u0163uit \u00een multe \u0163\u0103ri ale lumii; la fel ne \u00eendrept\u0103m speran\u0163a c\u0103tre actualii dasc\u0103li \u015fi elevi care au menirea de a ridica continuu acest prestigiu pe care \u00eel are deja \u015fcoala.<br><strong>Speran\u0163a noastr\u0103 este ca fo\u015ftii \u015fi actualii elevi ai acestui loca\u015f de cultur\u0103 s\u0103 ajung\u0103 la concluzia la care au ajuns \u015fi genera\u0163iile anterioare de elevi: c\u0103 aceast\u0103 \u015fcoal\u0103 \u201c(\u2026) a avut o tradi\u0163ie, imprimat\u0103, la r\u00e2nd, de profesori de m\u00e2na \u00eent\u00e2i. E o datorie sf\u00e2nt\u0103 ca aceast\u0103 bun\u0103 tradi\u0163ie s\u0103 fie p\u0103strat\u0103. E o datorie na\u0163ional\u0103 ca profesorii \u015fi elevii care vin, pe r\u00e2nd, s\u0103 men\u0163in\u0103 faima \u015fcolii cu r\u0103d\u0103cini at\u00e2t de ad\u00e2nci\u201d<\/strong><\/td><\/tr><\/tbody><\/table><\/figure>\n<\/div>\n<\/div>\n","protected":false},"excerpt":{"rendered":"<p>AL LICEULUI CU PROGRAM SPORTIV \u201cPETRACHE TRI\u015eCU\u201d CRAIOVA \u015ecoala Comunal\u0103 de b\u0103ie\u0163i \u201cPetrache Tri\u015fcu-Mircea \u015fi so\u0163ia sa\u201d este, \u00een \u00eenceputurile ei, opera de [&hellip;]<\/p>\n","protected":false},"author":1,"featured_media":0,"parent":0,"menu_order":0,"comment_status":"closed","ping_status":"closed","template":"","meta":{"footnotes":""},"class_list":["post-16","page","type-page","status-publish","hentry"],"_links":{"self":[{"href":"https:\/\/lpspetrachetriscu.ro\/index.php\/wp-json\/wp\/v2\/pages\/16","targetHints":{"allow":["GET"]}}],"collection":[{"href":"https:\/\/lpspetrachetriscu.ro\/index.php\/wp-json\/wp\/v2\/pages"}],"about":[{"href":"https:\/\/lpspetrachetriscu.ro\/index.php\/wp-json\/wp\/v2\/types\/page"}],"author":[{"embeddable":true,"href":"https:\/\/lpspetrachetriscu.ro\/index.php\/wp-json\/wp\/v2\/users\/1"}],"replies":[{"embeddable":true,"href":"https:\/\/lpspetrachetriscu.ro\/index.php\/wp-json\/wp\/v2\/comments?post=16"}],"version-history":[{"count":18,"href":"https:\/\/lpspetrachetriscu.ro\/index.php\/wp-json\/wp\/v2\/pages\/16\/revisions"}],"predecessor-version":[{"id":461,"href":"https:\/\/lpspetrachetriscu.ro\/index.php\/wp-json\/wp\/v2\/pages\/16\/revisions\/461"}],"wp:attachment":[{"href":"https:\/\/lpspetrachetriscu.ro\/index.php\/wp-json\/wp\/v2\/media?parent=16"}],"curies":[{"name":"wp","href":"https:\/\/api.w.org\/{rel}","templated":true}]}}