{"id":121,"date":"2022-12-09T08:44:17","date_gmt":"2022-12-09T08:44:17","guid":{"rendered":"https:\/\/lpspetrachetriscu.ro\/WordPress\/?page_id=121"},"modified":"2023-10-09T05:46:47","modified_gmt":"2023-10-09T05:46:47","slug":"baza-materiala","status":"publish","type":"page","link":"https:\/\/lpspetrachetriscu.ro\/index.php\/baza-materiala\/","title":{"rendered":"Baza material\u0103"},"content":{"rendered":"\n<figure class=\"wp-block-gallery has-nested-images columns-default is-cropped wp-block-gallery-1 is-layout-flex wp-block-gallery-is-layout-flex\">\n<figure class=\"wp-block-image size-large\"><img loading=\"lazy\" decoding=\"async\" width=\"200\" height=\"150\" data-id=\"140\" src=\"https:\/\/lpspetrachetriscu.ro\/wp-content\/uploads\/2022\/12\/LAB2.png\" alt=\"\" class=\"wp-image-140\"\/><\/figure>\n\n\n\n<figure class=\"wp-block-image size-large\"><img loading=\"lazy\" decoding=\"async\" width=\"200\" height=\"150\" data-id=\"139\" src=\"https:\/\/lpspetrachetriscu.ro\/wp-content\/uploads\/2022\/12\/LAB1.png\" alt=\"\" class=\"wp-image-139\"\/><\/figure>\n\n\n\n<figure class=\"wp-block-image size-large\"><img loading=\"lazy\" decoding=\"async\" width=\"200\" height=\"150\" data-id=\"138\" src=\"https:\/\/lpspetrachetriscu.ro\/wp-content\/uploads\/2022\/12\/info3.png\" alt=\"\" class=\"wp-image-138\"\/><\/figure>\n<\/figure>\n\n\n\n<p>Activitatea de instruire-educare se desf\u0103\u015foar\u0103 \u00eentr-un patrimoniu \u015fcolar format din 6 cl\u0103diri:<\/p>\n\n\n\n<ul class=\"wp-block-list\">\n<li>3 cl\u0103diri la distante mici \u2013 cl\u0103dirile A, B \u015fi C<\/li>\n\n\n\n<li>cl\u0103direa D la o alt\u0103 adres\u0103.<\/li>\n\n\n\n<li>1 sal\u0103 de lupte<\/li>\n\n\n\n<li>1 sal\u0103 de gimnastic\u0103 sportiv\u0103<\/li>\n\n\n\n<li>2 sali de judo<\/li>\n\n\n\n<li>1 sal\u0103 de karate<\/li>\n\n\n\n<li>1 sal\u0103 de sport dedicat\u0103 antrenamentelor sec\u0163iei de scrim\u0103<\/li>\n\n\n\n<li>1 sal\u0103 de judo \u00een str. Aristiza Romane<\/li>\n<\/ul>\n\n\n\n<p class=\"has-white-background-color has-background\">\u00cen incinta cl\u0103dirii A exist\u0103 un cabinet medical, o bibliotec\u0103, o sal\u0103 de for\u0163\u0103 \u015fi \u00een incinta cl\u0103dirii C se afl\u0103 spa\u0163iu arhivelor.<br>Cele 6 cl\u0103diri au acte legale \u015fi fac parte din patrimoniul \u015fcolii.<br>Mai exist\u0103 spa\u0163ii de depozitare \u015fi alte spa\u0163ii ce sunt folosite \u00een mod ra\u0163ional \u015fi eficient (magazie echipament, arhiv\u0103).<br>Majoritatea spa\u0163iilor corespund din punct de vedere sanitar, lucru ce a condus la ob\u0163inerea autoriza\u0163iilor de func\u0163ionare.<br>Unitatea \u015fcolar\u0103 este alimentat\u0103 cu ap\u0103 potabil\u0103 de la re\u0163eaua ora\u015fului, curent electric \u015fi gaze naturale, asigur\u00e2ndu-se condi\u0163ii optime pentru \u00eenv\u0103\u0163\u0103tur\u0103 \u015fi recreare.<br>Corpurile de cl\u0103dire \u015fi sala de sport sunt prev\u0103zute cu centrale termice care asigur\u0103 \u00eenc\u0103lzirea acestor spa\u0163ii, sala de judo fiind \u00eenc\u0103lzit\u0103 prin agent termic. De asemenea, \u00een sala de sport exista generatoare de aer care asigur\u0103 ventila\u0163ia \u015fi \u00eenc\u0103lzirea acesteia.<\/p>\n\n\n\n<p><strong>SPA\u021aII PENTRU \u00ceNV\u0102\u021a\u0102M\u00c2NT<\/strong><br>Spa\u0163iile \u00een care se desf\u0103\u015foar\u0103 activit\u0103\u0163ile instructiv educative, \u00een num\u0103r de 17:<\/p>\n\n\n\n<ul class=\"wp-block-list\">\n<li>6 s\u0103li de clas\u0103<\/li>\n\n\n\n<li>11 cabinete \u015fi laboratoare:<\/li>\n\n\n\n<li>o sal\u0103 de clas\u0103 special amenajat\u0103 pentru clasa preg\u0103titoare<\/li>\n\n\n\n<li>6 cabinete ( rom\u00e2n\u0103, englez\u0103, francez\u0103, istorie, religie, muzic\u0103 \u015fi desen)<\/li>\n\n\n\n<li>3 s\u0103li specializate (biologie, fizic\u0103, chimie)<\/li>\n\n\n\n<li>2 cabinet de informatic\u0103 cu dotare corespunz\u0103toare \u015fi anume: mobilier special confec\u0163ionat \u015fi 2 re\u021bele cu 30 \u0219i 31 laptopuri legate \u00een re\u0163ea, 3 imprimante \u015fi acces la INTERNET prin linie \u00eenchiriat\u0103 de societatea RDS<\/li>\n\n\n\n<li>1 cabinet de consiliere psiho-pedagogic\u0103<\/li>\n\n\n\n<li>bibliotec\u0103 dotat\u0103 corespunz\u0103tor<\/li>\n\n\n\n<li>1 cabinet medical, cu sal\u0103 de a\u015fteptare \u015fi sal\u0103 de tratament<\/li>\n<\/ul>\n\n\n\n<p><strong>BIBLIOTECA<\/strong><br>&nbsp;&nbsp;&nbsp;&nbsp; Liceul nostru dispune de un spa\u0163iu func\u0163ional pentru bibliotec\u0103, situat la parterul cl\u0103dirii din corpul A. Biblioteca este amenajat\u0103 conform cerin\u0163elor, cu rafturi pentru c\u0103r\u0163i, birou, calculator.<br>De\u015fi spa\u0163iul pe care \u00eel de\u0163ine nu este foarte mare, a fost amenajat un col\u0163 pentru lectur\u0103, d\u00e2nd posibilitatea elevilor \u015fi cadrelor s\u0103 consulte \u00een bibliotec\u0103 volumele dorite.<br>Biblioteca num\u0103r\u0103 12400 de volume, fondul de carte fiind m\u0103rit prin dona\u0163ii.Volumele sunt structurate tematic.<br>&nbsp;&nbsp;&nbsp;&nbsp; Pentru achizi\u0163ionarea de carte, \u00een vederea actualiz\u0103 \u015fi \u00eembog\u0103\u0163irea fondului de carte al bibliotecii, au fost consultate cadrele didactice, au fost puse la dispozi\u0163ie ofertele de carte primite de la edituri \u015fi s-a \u00eentocmit un&nbsp; necesar de carte.<br>&nbsp;&nbsp;&nbsp;&nbsp; Prin activitatea desf\u0103\u015furat\u0103 la bibliotec\u0103, au fost atinse obiectivele propuse \u00een acest an \u015fcolar, urm\u0103rind cre\u015fterea randamentului \u015fcolar, dezvoltarea gustului pentru lectur\u0103, \u00eembog\u0103\u0163irea \u015fi nuan\u0163area vocabularului elevilor, atragerea unui num\u0103r mare de cititori, formarea deprinderilor de lucru cu cartea, \u00eembun\u0103t\u0103\u0163irea fondului&nbsp; de carte al bibliotecii. Au avut loc o serie de activit\u0103\u0163i \u015fcolare \u015fi inter\u015fcolare completate cu prezent\u0103ri realizate \u00een Power Point, au fost organizate prezent\u0103ri de carte.&nbsp;<br>&nbsp;&nbsp;&nbsp;&nbsp; A existat o str\u00e2ns\u0103 leg\u0103tur\u0103 elev \u2013 profesor &#8211; bibliotecar asigur\u00e2nd informarea elevilor \u015fi cadrelor didactice cu nout\u0103\u0163ile&nbsp; ap\u0103rute&nbsp; \u00een bibliotec\u0103 prin afi\u015fare \u015fi prin expunerea la loc vizibil a listelor cu lecturilor ap\u0103rute, a&nbsp; nout\u0103\u0163ile editoriale ap\u0103rute \u00een cadrul editurilor.<br>&nbsp;&nbsp;&nbsp;&nbsp; A fost \u0163inut\u0103 o eviden\u0163\u0103 clar\u0103 asupra publica\u0163iilor intrate\/ie\u015fite&nbsp; \u00een bibliotec\u0103 prin completarea la timp a Registrului de Mi\u015fcare a Fondului c\u00e2t \u015fi a Registrului Inventar. Existen\u0163a unui calculator \u00een sala de bibliotec\u0103 a permis intoducerea, de catre bibliotecarul \u015fcolii, a fondului de carte, actualiz\u00e2ndu-se continuu baza de date a bibliotecii.<br>&nbsp;&nbsp;&nbsp;&nbsp; Biblioteca liceului are posibilitatea de a pune, \u00een orice moment, la dispozi\u0163ia personalului didactic, al elevilor c\u00e2te un exemplar din fiecare manual alternativ.<br>&nbsp;&nbsp;&nbsp;&nbsp; Au fost asigurate manualele \u015fcolare pentru anul \u015fcolar 2021-2022 \u00een propor\u0163ie de 100%.<\/p>\n\n\n\n<p><strong>BAZA SPORTIV\u0102<\/strong>&nbsp;<br>\u00cen incinta L.P.S. \u201ePetrache Tri\u015fcu\u201d exist\u0103:<\/p>\n\n\n\n<ul class=\"wp-block-list\">\n<li>1 sal\u0103 de sport dedicat\u0103 antrenamentelor sec\u0163iei de scrim\u0103<\/li>\n\n\n\n<li>1 sal\u0103 de gimnastic\u0103 sportiv\u0103<\/li>\n\n\n\n<li>1 sal\u0103 de lupte<\/li>\n\n\n\n<li>2 sali de judo<\/li>\n\n\n\n<li>1 sal\u0103 de karate<\/li>\n\n\n\n<li>2 s\u0103li de for\u0163\u0103\/recuperare.<\/li>\n<\/ul>\n\n\n\n<p>Baza sportiv\u0103 este constituit\u0103 din:<\/p>\n\n\n\n<ul class=\"wp-block-list\">\n<li>teren sintetic de fotbal<\/li>\n\n\n\n<li>1 sal\u0103 judo \u00een cartierul Craiovi\u0163a Nou\u0103<\/li>\n<\/ul>\n","protected":false},"excerpt":{"rendered":"<p>Activitatea de instruire-educare se desf\u0103\u015foar\u0103 \u00eentr-un patrimoniu \u015fcolar format din 6 cl\u0103diri: \u00cen incinta cl\u0103dirii A exist\u0103 un cabinet medical, o bibliotec\u0103, o [&hellip;]<\/p>\n","protected":false},"author":1,"featured_media":0,"parent":0,"menu_order":0,"comment_status":"closed","ping_status":"closed","template":"","meta":{"footnotes":""},"class_list":["post-121","page","type-page","status-publish","hentry"],"_links":{"self":[{"href":"https:\/\/lpspetrachetriscu.ro\/index.php\/wp-json\/wp\/v2\/pages\/121","targetHints":{"allow":["GET"]}}],"collection":[{"href":"https:\/\/lpspetrachetriscu.ro\/index.php\/wp-json\/wp\/v2\/pages"}],"about":[{"href":"https:\/\/lpspetrachetriscu.ro\/index.php\/wp-json\/wp\/v2\/types\/page"}],"author":[{"embeddable":true,"href":"https:\/\/lpspetrachetriscu.ro\/index.php\/wp-json\/wp\/v2\/users\/1"}],"replies":[{"embeddable":true,"href":"https:\/\/lpspetrachetriscu.ro\/index.php\/wp-json\/wp\/v2\/comments?post=121"}],"version-history":[{"count":3,"href":"https:\/\/lpspetrachetriscu.ro\/index.php\/wp-json\/wp\/v2\/pages\/121\/revisions"}],"predecessor-version":[{"id":492,"href":"https:\/\/lpspetrachetriscu.ro\/index.php\/wp-json\/wp\/v2\/pages\/121\/revisions\/492"}],"wp:attachment":[{"href":"https:\/\/lpspetrachetriscu.ro\/index.php\/wp-json\/wp\/v2\/media?parent=121"}],"curies":[{"name":"wp","href":"https:\/\/api.w.org\/{rel}","templated":true}]}}