{"id":119,"date":"2022-12-06T11:41:12","date_gmt":"2022-12-06T11:41:12","guid":{"rendered":"https:\/\/lpspetrachetriscu.ro\/WordPress\/?page_id=119"},"modified":"2026-03-03T12:33:35","modified_gmt":"2026-03-03T10:33:35","slug":"conducere","status":"publish","type":"page","link":"https:\/\/lpspetrachetriscu.ro\/index.php\/conducere\/","title":{"rendered":"Personal"},"content":{"rendered":"\n<h2 class=\"wp-block-heading\">Director &#8211; prof. C\u0103t\u0103lin BR\u00ceNDU\u0218OIU<\/h2>\n\n\n\n<p>PROFESOR DE EDUCA\u021aIE FIZIC\u0102 \u0218I SPORT &#8211; PREG\u0102TIRE SPORTIV\u0102 DE SPECIALITATE &#8211; ATLETISM<\/p>\n\n\n\n<p><\/p>\n\n\n\n<div class=\"wp-block-group is-layout-constrained wp-block-group-is-layout-constrained\">\n<h2 class=\"wp-block-heading\">Director adjunct &#8211; prof. Mihaela BERINDEIE<\/h2>\n\n\n\n<p>PROFESOR DE MATEMATIC\u0102<\/p>\n\n\n\n<ul class=\"wp-block-list\">\n<li><a href=\"https:\/\/lpspetrachetriscu.ro\/wp-content\/uploads\/2025\/06\/DECLARATIE-DE-AVERE-BERINDEIE-2025.pdf\" data-type=\"link\" data-id=\"https:\/\/lpspetrachetriscu.ro\/wp-content\/uploads\/2025\/06\/DECLARATIE-DE-AVERE-BERINDEIE-2025.pdf\">DECLARA\u0162IE DE AVERE 2025<\/a><\/li>\n\n\n\n<li><a href=\"https:\/\/lpspetrachetriscu.ro\/wp-content\/uploads\/2025\/06\/DECLARATIE-DE-INTERESE-BERINDEIE-2025.pdf\" data-type=\"link\" data-id=\"https:\/\/lpspetrachetriscu.ro\/wp-content\/uploads\/2025\/06\/DECLARATIE-DE-INTERESE-BERINDEIE-2025.pdf\">DECLARA\u0162IE DE INTERESE 2025<\/a><\/li>\n<\/ul>\n\n\n\n<p><\/p>\n\n\n\n<h2 class=\"wp-block-heading\">\u00cenv\u0103\u021b\u0103m\u00e2nt primar<\/h2>\n\n\n\n<blockquote class=\"wp-block-quote is-layout-flow wp-block-quote-is-layout-flow\">\n<ul class=\"wp-block-list\">\n<li>Vlad Cristina Maria &#8211; clasa preg\u0103titoare<\/li>\n\n\n\n<li>Banc\u0103 Bianca &#8211; clasa I<\/li>\n\n\n\n<li>Fota Florentina Cristina &#8211; clasa a II-a<\/li>\n\n\n\n<li>\u0218arpe Nicoleta Ani\u0219oara &#8211; clasa a III-a<\/li>\n\n\n\n<li> Glav\u0103 Angela &#8211; clasa a IV-a<\/li>\n<\/ul>\n<\/blockquote>\n\n\n\n<h2 class=\"wp-block-heading\">Limba rom\u00e2n\u0103<\/h2>\n\n\n\n<blockquote class=\"wp-block-quote is-layout-flow wp-block-quote-is-layout-flow\">\n<ul class=\"wp-block-list\">\n<li>Stancu Cornelia<\/li>\n\n\n\n<li>Pigui Claudia<\/li>\n\n\n\n<li>Tudor Laura<\/li>\n<\/ul>\n<\/blockquote>\n<\/div>\n\n\n\n<h2 class=\"wp-block-heading\">Limba latin\u0103<\/h2>\n\n\n\n<blockquote class=\"wp-block-quote is-layout-flow wp-block-quote-is-layout-flow\">\n<ul class=\"wp-block-list\">\n<li>Tru\u0219c\u0103 Maria<\/li>\n<\/ul>\n<\/blockquote>\n\n\n\n<h2 class=\"wp-block-heading\">Limba englez\u0103<\/h2>\n\n\n\n<blockquote class=\"wp-block-quote is-layout-flow wp-block-quote-is-layout-flow\">\n<ul class=\"wp-block-list\">\n<li>Apostolache Hermina<\/li>\n\n\n\n<li>Balosache Daniela<\/li>\n<\/ul>\n<\/blockquote>\n\n\n\n<h2 class=\"wp-block-heading\">Limba francez\u0103<\/h2>\n\n\n\n<blockquote class=\"wp-block-quote is-layout-flow wp-block-quote-is-layout-flow\">\n<ul class=\"wp-block-list\">\n<li>Gherghe Carla<\/li>\n\n\n\n<li>Dinu Maria<\/li>\n<\/ul>\n<\/blockquote>\n\n\n\n<h2 class=\"wp-block-heading\">Matematic\u0103<\/h2>\n\n\n\n<blockquote class=\"wp-block-quote is-layout-flow wp-block-quote-is-layout-flow\">\n<ul class=\"wp-block-list\">\n<li>Berindeie Mihaela<\/li>\n\n\n\n<li>Hassan Daniela<\/li>\n\n\n\n<li>Nedelcu Irina<\/li>\n<\/ul>\n<\/blockquote>\n\n\n\n<h2 class=\"wp-block-heading\">Informatic\u0103<\/h2>\n\n\n\n<blockquote class=\"wp-block-quote is-layout-flow wp-block-quote-is-layout-flow\">\n<ul class=\"wp-block-list\">\n<li>Dic\u0103 Alina Marilena<\/li>\n<\/ul>\n<\/blockquote>\n\n\n\n<h2 class=\"wp-block-heading\">Fizic\u0103<\/h2>\n\n\n\n<blockquote class=\"wp-block-quote is-layout-flow wp-block-quote-is-layout-flow\">\n<ul class=\"wp-block-list\">\n<li>Popescu Rodica<\/li>\n\n\n\n<li>P\u0103tru Violeta<\/li>\n<\/ul>\n<\/blockquote>\n\n\n\n<h2 class=\"wp-block-heading\">Chimie<\/h2>\n\n\n\n<blockquote class=\"wp-block-quote is-layout-flow wp-block-quote-is-layout-flow\">\n<ul class=\"wp-block-list\">\n<li>Nu\u021b\u0103-S\u00e2mcea Azota- Adriana<\/li>\n<\/ul>\n<\/blockquote>\n\n\n\n<h2 class=\"wp-block-heading\">Socio-umane<\/h2>\n\n\n\n<blockquote class=\"wp-block-quote is-layout-flow wp-block-quote-is-layout-flow\">\n<ul class=\"wp-block-list\">\n<li>Pino\u015fanu Marius<\/li>\n\n\n\n<li>Negru Aneta<\/li>\n<\/ul>\n<\/blockquote>\n\n\n\n<h2 class=\"wp-block-heading\">Istorie<\/h2>\n\n\n\n<blockquote class=\"wp-block-quote is-layout-flow wp-block-quote-is-layout-flow\">\n<ul class=\"wp-block-list\">\n<li>P\u00eervan Maria<\/li>\n\n\n\n<li>Balaci George Eugen<\/li>\n<\/ul>\n<\/blockquote>\n\n\n\n<h2 class=\"wp-block-heading\">Geografie<\/h2>\n\n\n\n<blockquote class=\"wp-block-quote is-layout-flow wp-block-quote-is-layout-flow\">\n<ul class=\"wp-block-list\">\n<li>Stoica Angela<\/li>\n<\/ul>\n<\/blockquote>\n\n\n\n<h2 class=\"wp-block-heading\">Biologie<\/h2>\n\n\n\n<blockquote class=\"wp-block-quote is-layout-flow wp-block-quote-is-layout-flow\">\n<ul class=\"wp-block-list\">\n<li>Dumitru Maria<\/li>\n<\/ul>\n<\/blockquote>\n\n\n\n<h2 class=\"wp-block-heading\">Religie<\/h2>\n\n\n\n<blockquote class=\"wp-block-quote is-layout-flow wp-block-quote-is-layout-flow\">\n<ul class=\"wp-block-list\">\n<li>Piciu Andra<\/li>\n<\/ul>\n<\/blockquote>\n\n\n\n<h2 class=\"wp-block-heading\">Educa\u021bie muzical\u0103<\/h2>\n\n\n\n<blockquote class=\"wp-block-quote is-layout-flow wp-block-quote-is-layout-flow\">\n<ul class=\"wp-block-list\">\n<li>Magaon Alina<\/li>\n<\/ul>\n<\/blockquote>\n\n\n\n<h2 class=\"wp-block-heading\">Educa\u021bie plastic\u0103<\/h2>\n\n\n\n<blockquote class=\"wp-block-quote is-layout-flow wp-block-quote-is-layout-flow\">\n<ul class=\"wp-block-list\">\n<li>Terpeze\u021beanu Florentina<\/li>\n<\/ul>\n<\/blockquote>\n\n\n\n<h2 class=\"wp-block-heading\">Educa\u021bie tehnologic\u0103<\/h2>\n\n\n\n<blockquote class=\"wp-block-quote is-layout-flow wp-block-quote-is-layout-flow\">\n<ul class=\"wp-block-list\">\n<li>P\u0103tru Violeta<\/li>\n<\/ul>\n<\/blockquote>\n\n\n\n<h2 class=\"wp-block-heading\">Atletism<\/h2>\n\n\n\n<blockquote class=\"wp-block-quote is-layout-flow wp-block-quote-is-layout-flow\">\n<ul class=\"wp-block-list\">\n<li>Alexandrescu Mircea <\/li>\n\n\n\n<li>Barb\u0103lat\u0103 Mircea <\/li>\n\n\n\n<li>Br\u00eendu\u015foiu C\u0103t\u0103lin <\/li>\n\n\n\n<li>Bugiulescu Nicu\u015for <\/li>\n\n\n\n<li>Ene Eugenia <\/li>\n\n\n\n<li>Iacob Petra <\/li>\n\n\n\n<li>Matei Andrei Daniel<\/li>\n\n\n\n<li>Mitrache Valentin <\/li>\n\n\n\n<li>Neac\u015fu Marian <\/li>\n\n\n\n<li>Neac\u015fu Mihaela <\/li>\n\n\n\n<li>Popescu Bogdan <\/li>\n\n\n\n<li>Popescu Oana <\/li>\n\n\n\n<li>Sorescu Cosmin <\/li>\n\n\n\n<li>V\u0103deanu Ionu\u021b<\/li>\n<\/ul>\n<\/blockquote>\n\n\n\n<h2 class=\"wp-block-heading\">Scrim\u0103<\/h2>\n\n\n\n<blockquote class=\"wp-block-quote is-layout-flow wp-block-quote-is-layout-flow\">\n<ul class=\"wp-block-list\">\n<li>Mincu M\u0103d\u0103lina <\/li>\n\n\n\n<li>Matache Daniel <\/li>\n\n\n\n<li>P\u00eervan Dorian <\/li>\n\n\n\n<li>P\u00eervuleasa Ovidiu <\/li>\n\n\n\n<li>Podeanu Radu <\/li>\n\n\n\n<li>Puiu \u0218tefan <\/li>\n\n\n\n<li>Rusu Bogdan <\/li>\n\n\n\n<li>Vecea Gabriela<\/li>\n<\/ul>\n<\/blockquote>\n\n\n\n<h2 class=\"wp-block-heading\">Judo<\/h2>\n\n\n\n<blockquote class=\"wp-block-quote is-layout-flow wp-block-quote-is-layout-flow\">\n<ul class=\"wp-block-list\">\n<li>B\u0103lan Augustin <\/li>\n\n\n\n<li>R\u00eeciu Cleonia<\/li>\n\n\n\n<li>Voinea Mihai<\/li>\n<\/ul>\n<\/blockquote>\n\n\n\n<h2 class=\"wp-block-heading\">Lupte<\/h2>\n\n\n\n<blockquote class=\"wp-block-quote is-layout-flow wp-block-quote-is-layout-flow\">\n<ul class=\"wp-block-list\">\n<li>Bobo\u015fca Valentin <\/li>\n\n\n\n<li>Cimpoeru Aurel<\/li>\n\n\n\n<li>Cimpoeru Marius<\/li>\n<\/ul>\n<\/blockquote>\n\n\n\n<h2 class=\"wp-block-heading\">Badminton<\/h2>\n\n\n\n<blockquote class=\"wp-block-quote is-layout-flow wp-block-quote-is-layout-flow\">\n<ul class=\"wp-block-list\">\n<li>Borcan Mirela<\/li>\n\n\n\n<li>Ionescu Mirela<\/li>\n<\/ul>\n<\/blockquote>\n\n\n\n<h2 class=\"wp-block-heading\">Karate<\/h2>\n\n\n\n<blockquote class=\"wp-block-quote is-layout-flow wp-block-quote-is-layout-flow\">\n<ul class=\"wp-block-list\">\n<li>Iordache Gabriel<\/li>\n\n\n\n<li>Mitroi Geri<\/li>\n<\/ul>\n<\/blockquote>\n\n\n\n<h2 class=\"wp-block-heading\">Gimnastic\u0103<\/h2>\n\n\n\n<blockquote class=\"wp-block-quote is-layout-flow wp-block-quote-is-layout-flow\">\n<ul class=\"wp-block-list\">\n<li>Mircioag\u0103 Gina Cristina<\/li>\n<\/ul>\n<\/blockquote>\n","protected":false},"excerpt":{"rendered":"<p>Director &#8211; prof. C\u0103t\u0103lin BR\u00ceNDU\u0218OIU PROFESOR DE EDUCA\u021aIE FIZIC\u0102 \u0218I SPORT &#8211; PREG\u0102TIRE SPORTIV\u0102 DE SPECIALITATE &#8211; ATLETISM Director adjunct &#8211; prof. Mihaela [&hellip;]<\/p>\n","protected":false},"author":1,"featured_media":0,"parent":0,"menu_order":0,"comment_status":"closed","ping_status":"closed","template":"","meta":{"footnotes":""},"class_list":["post-119","page","type-page","status-publish","hentry"],"_links":{"self":[{"href":"https:\/\/lpspetrachetriscu.ro\/index.php\/wp-json\/wp\/v2\/pages\/119","targetHints":{"allow":["GET"]}}],"collection":[{"href":"https:\/\/lpspetrachetriscu.ro\/index.php\/wp-json\/wp\/v2\/pages"}],"about":[{"href":"https:\/\/lpspetrachetriscu.ro\/index.php\/wp-json\/wp\/v2\/types\/page"}],"author":[{"embeddable":true,"href":"https:\/\/lpspetrachetriscu.ro\/index.php\/wp-json\/wp\/v2\/users\/1"}],"replies":[{"embeddable":true,"href":"https:\/\/lpspetrachetriscu.ro\/index.php\/wp-json\/wp\/v2\/comments?post=119"}],"version-history":[{"count":15,"href":"https:\/\/lpspetrachetriscu.ro\/index.php\/wp-json\/wp\/v2\/pages\/119\/revisions"}],"predecessor-version":[{"id":1023,"href":"https:\/\/lpspetrachetriscu.ro\/index.php\/wp-json\/wp\/v2\/pages\/119\/revisions\/1023"}],"wp:attachment":[{"href":"https:\/\/lpspetrachetriscu.ro\/index.php\/wp-json\/wp\/v2\/media?parent=119"}],"curies":[{"name":"wp","href":"https:\/\/api.w.org\/{rel}","templated":true}]}}